{"id":46447,"date":"2020-06-04T12:55:43","date_gmt":"2020-06-04T09:55:43","guid":{"rendered":"https:\/\/www.fasa.lt\/processamento\/tecnologia-de-processamento\/outros\/grating-machine-m9-es\/"},"modified":"2025-08-21T10:18:10","modified_gmt":"2025-08-21T07:18:10","slug":"m9-es-maquina-raladora-de-batatas","status":"publish","type":"page","link":"https:\/\/www.fasa.lt\/pt-pt\/processamento\/m9-es-maquina-raladora-de-batatas\/","title":{"rendered":"M9-ES \u2013 M\u00e1quina Raladora de Batatas"},"content":{"rendered":"\t\t<div data-elementor-type=\"wp-page\" data-elementor-id=\"46447\" class=\"elementor elementor-46447 elementor-26475\" data-elementor-post-type=\"page\">\n\t\t\t\t\t\t<section class=\"elementor-section elementor-top-section elementor-element elementor-element-5a206f65 elementor-section-full_width elementor-section-content-middle elementor-section-height-default elementor-section-height-default\" data-id=\"5a206f65\" data-element_type=\"section\" data-e-type=\"section\" data-settings=\"{&quot;background_background&quot;:&quot;classic&quot;}\">\n\t\t\t\t\t\t\t<div class=\"elementor-background-overlay\"><\/div>\n\t\t\t\t\t\t\t<div class=\"elementor-container elementor-column-gap-no\">\n\t\t\t\t\t<div class=\"elementor-column elementor-col-50 elementor-top-column elementor-element elementor-element-595ece\" data-id=\"595ece\" data-element_type=\"column\" data-e-type=\"column\">\n\t\t\t<div class=\"elementor-widget-wrap elementor-element-populated\">\n\t\t\t\t\t\t<div class=\"elementor-element elementor-element-7ef1d240 elementor-widget elementor-widget-heading\" data-id=\"7ef1d240\" data-element_type=\"widget\" data-e-type=\"widget\" data-widget_type=\"heading.default\">\n\t\t\t\t<div class=\"elementor-widget-container\">\n\t\t\t\t\t<h5 class=\"elementor-heading-title elementor-size-default\">Processamento<\/h5>\t\t\t\t<\/div>\n\t\t\t\t<\/div>\n\t\t\t\t<div class=\"elementor-element elementor-element-2848c478 elementor-widget elementor-widget-heading\" data-id=\"2848c478\" data-element_type=\"widget\" data-e-type=\"widget\" data-widget_type=\"heading.default\">\n\t\t\t\t<div class=\"elementor-widget-container\">\n\t\t\t\t\t<h1 class=\"elementor-heading-title elementor-size-default\">Tecnologia de processamento\n<\/h1>\t\t\t\t<\/div>\n\t\t\t\t<\/div>\n\t\t\t\t<div class=\"elementor-element elementor-element-2244aaef elementor-widget-divider--view-line elementor-widget elementor-widget-divider\" data-id=\"2244aaef\" data-element_type=\"widget\" data-e-type=\"widget\" data-widget_type=\"divider.default\">\n\t\t\t\t<div class=\"elementor-widget-container\">\n\t\t\t\t\t\t\t<div class=\"elementor-divider\">\n\t\t\t<span class=\"elementor-divider-separator\">\n\t\t\t\t\t\t<\/span>\n\t\t<\/div>\n\t\t\t\t\t\t<\/div>\n\t\t\t\t<\/div>\n\t\t\t\t\t<\/div>\n\t\t<\/div>\n\t\t\t\t<div class=\"elementor-column elementor-col-50 elementor-top-column elementor-element elementor-element-78e8ca6f elementor-hidden-phone\" data-id=\"78e8ca6f\" data-element_type=\"column\" data-e-type=\"column\" data-settings=\"{&quot;background_background&quot;:&quot;classic&quot;}\">\n\t\t\t<div class=\"elementor-widget-wrap elementor-element-populated\">\n\t\t\t\t\t\t<div class=\"elementor-element elementor-element-5eb460e5 elementor-widget elementor-widget-heading\" data-id=\"5eb460e5\" data-element_type=\"widget\" data-e-type=\"widget\" data-widget_type=\"heading.default\">\n\t\t\t\t<div class=\"elementor-widget-container\">\n\t\t\t\t\t<h6 class=\"elementor-heading-title elementor-size-default\">Tem alguma pergunta? Contacte-nos!\n<\/h6>\t\t\t\t<\/div>\n\t\t\t\t<\/div>\n\t\t\t\t<div class=\"elementor-element elementor-element-63de7694 elementor-widget-divider--view-line elementor-widget elementor-widget-divider\" data-id=\"63de7694\" data-element_type=\"widget\" data-e-type=\"widget\" data-widget_type=\"divider.default\">\n\t\t\t\t<div class=\"elementor-widget-container\">\n\t\t\t\t\t\t\t<div class=\"elementor-divider\">\n\t\t\t<span class=\"elementor-divider-separator\">\n\t\t\t\t\t\t<\/span>\n\t\t<\/div>\n\t\t\t\t\t\t<\/div>\n\t\t\t\t<\/div>\n\t\t\t\t<div class=\"elementor-element elementor-element-51e95ba7 elementor-align-end elementor-mobile-align-start elementor-icon-list--layout-traditional elementor-list-item-link-full_width elementor-widget elementor-widget-icon-list\" data-id=\"51e95ba7\" data-element_type=\"widget\" data-e-type=\"widget\" data-widget_type=\"icon-list.default\">\n\t\t\t\t<div class=\"elementor-widget-container\">\n\t\t\t\t\t\t\t<ul class=\"elementor-icon-list-items\">\n\t\t\t\t\t\t\t<li class=\"elementor-icon-list-item\">\n\t\t\t\t\t\t\t\t\t\t\t<a href=\"mailto:%20sales@fasa.lt\">\n\n\t\t\t\t\t\t\t\t\t\t\t\t<span class=\"elementor-icon-list-icon\">\n\t\t\t\t\t\t\t<i aria-hidden=\"true\" class=\"fas fa-envelope\"><\/i>\t\t\t\t\t\t<\/span>\n\t\t\t\t\t\t\t\t\t\t<span class=\"elementor-icon-list-text\">sales@fasa.lt<\/span>\n\t\t\t\t\t\t\t\t\t\t\t<\/a>\n\t\t\t\t\t\t\t\t\t<\/li>\n\t\t\t\t\t\t<\/ul>\n\t\t\t\t\t\t<\/div>\n\t\t\t\t<\/div>\n\t\t\t\t<div class=\"elementor-element elementor-element-4c679960 elementor-align-end elementor-mobile-align-start elementor-icon-list--layout-traditional elementor-list-item-link-full_width elementor-widget elementor-widget-icon-list\" data-id=\"4c679960\" data-element_type=\"widget\" data-e-type=\"widget\" data-widget_type=\"icon-list.default\">\n\t\t\t\t<div class=\"elementor-widget-container\">\n\t\t\t\t\t\t\t<ul class=\"elementor-icon-list-items\">\n\t\t\t\t\t\t\t<li class=\"elementor-icon-list-item\">\n\t\t\t\t\t\t\t\t\t\t\t<a href=\"tel:%20+370%20343%2070481\">\n\n\t\t\t\t\t\t\t\t\t\t\t\t<span class=\"elementor-icon-list-icon\">\n\t\t\t\t\t\t\t<i aria-hidden=\"true\" class=\"fas fa-phone-alt\"><\/i>\t\t\t\t\t\t<\/span>\n\t\t\t\t\t\t\t\t\t\t<span class=\"elementor-icon-list-text\">+370 343 70481<\/span>\n\t\t\t\t\t\t\t\t\t\t\t<\/a>\n\t\t\t\t\t\t\t\t\t<\/li>\n\t\t\t\t\t\t<\/ul>\n\t\t\t\t\t\t<\/div>\n\t\t\t\t<\/div>\n\t\t\t\t\t<\/div>\n\t\t<\/div>\n\t\t\t\t\t<\/div>\n\t\t<\/section>\n\t\t\t\t<section class=\"elementor-section elementor-top-section elementor-element elementor-element-21dd4b3e elementor-section-content-middle elementor-section-boxed elementor-section-height-default elementor-section-height-default\" data-id=\"21dd4b3e\" data-element_type=\"section\" data-e-type=\"section\" data-settings=\"{&quot;background_background&quot;:&quot;classic&quot;}\">\n\t\t\t\t\t\t<div class=\"elementor-container elementor-column-gap-no\">\n\t\t\t\t\t<div class=\"elementor-column elementor-col-100 elementor-top-column elementor-element elementor-element-325f31fe\" data-id=\"325f31fe\" data-element_type=\"column\" data-e-type=\"column\">\n\t\t\t<div class=\"elementor-widget-wrap elementor-element-populated\">\n\t\t\t\t\t\t<section class=\"elementor-section elementor-inner-section elementor-element elementor-element-ae697c8 elementor-section-boxed elementor-section-height-default elementor-section-height-default\" data-id=\"ae697c8\" data-element_type=\"section\" data-e-type=\"section\">\n\t\t\t\t\t\t<div class=\"elementor-container elementor-column-gap-default\">\n\t\t\t\t\t<div class=\"elementor-column elementor-col-100 elementor-inner-column elementor-element elementor-element-263b9c3d\" data-id=\"263b9c3d\" data-element_type=\"column\" data-e-type=\"column\">\n\t\t\t<div class=\"elementor-widget-wrap elementor-element-populated\">\n\t\t\t\t\t\t<div class=\"elementor-element elementor-element-46be8246 elementor-widget elementor-widget-heading\" data-id=\"46be8246\" data-element_type=\"widget\" data-e-type=\"widget\" data-widget_type=\"heading.default\">\n\t\t\t\t<div class=\"elementor-widget-container\">\n\t\t\t\t\t<h2 class=\"elementor-heading-title elementor-size-default\">M9-ES \u2013 M\u00e1quina Raladora de Batatas\n<\/h2>\t\t\t\t<\/div>\n\t\t\t\t<\/div>\n\t\t\t\t<div class=\"elementor-element elementor-element-10f3b862 elementor-widget elementor-widget-text-editor\" data-id=\"10f3b862\" data-element_type=\"widget\" data-e-type=\"widget\" data-widget_type=\"text-editor.default\">\n\t\t\t\t<div class=\"elementor-widget-container\">\n\t\t\t\t\t\t\t\t\tA m\u00e1quina raladora M9-ES \u00e9 utilizada para ralar batatas verdes descascadas.\n\n\t\t\t\t\t\t\t\t<\/div>\n\t\t\t\t<\/div>\n\t\t\t\t\t<\/div>\n\t\t<\/div>\n\t\t\t\t\t<\/div>\n\t\t<\/section>\n\t\t\t\t<section class=\"elementor-section elementor-inner-section elementor-element elementor-element-65d4c87f elementor-section-boxed elementor-section-height-default elementor-section-height-default\" data-id=\"65d4c87f\" data-element_type=\"section\" data-e-type=\"section\">\n\t\t\t\t\t\t<div class=\"elementor-container elementor-column-gap-default\">\n\t\t\t\t\t<div class=\"elementor-column elementor-col-50 elementor-inner-column elementor-element elementor-element-42bc5da7\" data-id=\"42bc5da7\" data-element_type=\"column\" data-e-type=\"column\">\n\t\t\t<div class=\"elementor-widget-wrap elementor-element-populated\">\n\t\t\t\t\t\t<div class=\"elementor-element elementor-element-a8ec44b elementor-arrows-position-inside elementor-widget elementor-widget-image-carousel\" data-id=\"a8ec44b\" data-element_type=\"widget\" data-e-type=\"widget\" data-settings=\"{&quot;slides_to_show&quot;:&quot;1&quot;,&quot;navigation&quot;:&quot;arrows&quot;,&quot;autoplay&quot;:&quot;no&quot;,&quot;infinite&quot;:&quot;yes&quot;,&quot;effect&quot;:&quot;slide&quot;,&quot;speed&quot;:500}\" data-widget_type=\"image-carousel.default\">\n\t\t\t\t<div class=\"elementor-widget-container\">\n\t\t\t\t\t\t\t<div class=\"elementor-image-carousel-wrapper swiper\" role=\"region\" aria-roledescription=\"carousel\" aria-label=\"Image Carousel\" dir=\"ltr\">\n\t\t\t<div class=\"elementor-image-carousel swiper-wrapper\" aria-live=\"polite\">\n\t\t\t\t\t\t\t\t<div class=\"swiper-slide\" role=\"group\" aria-roledescription=\"slide\" aria-label=\"1 of 1\"><a data-elementor-open-lightbox=\"yes\" data-elementor-lightbox-slideshow=\"a8ec44b\" data-elementor-lightbox-title=\"Tarka\" data-e-action-hash=\"#elementor-action%3Aaction%3Dlightbox%26settings%3DeyJpZCI6NTQwMjgsInVybCI6Imh0dHBzOlwvXC93d3cuZmFzYS5sdFwvd3AtY29udGVudFwvdXBsb2Fkc1wvMjAyNVwvMDhcL1RhcmthLS5qcGciLCJzbGlkZXNob3ciOiJhOGVjNDRiIn0%3D\" href=\"https:\/\/www.fasa.lt\/wp-content\/uploads\/2025\/08\/Tarka-.jpg\"><figure class=\"swiper-slide-inner\"><img decoding=\"async\" class=\"swiper-slide-image\" src=\"https:\/\/www.fasa.lt\/wp-content\/uploads\/2025\/08\/Tarka-.jpg\" alt=\"Tarka\" \/><\/figure><\/a><\/div>\t\t\t<\/div>\n\t\t\t\t\t<\/div>\n\t\t\t\t\t\t<\/div>\n\t\t\t\t<\/div>\n\t\t\t\t\t<\/div>\n\t\t<\/div>\n\t\t\t\t<div class=\"elementor-column elementor-col-50 elementor-inner-column elementor-element elementor-element-77efd9a7\" data-id=\"77efd9a7\" data-element_type=\"column\" data-e-type=\"column\">\n\t\t\t<div class=\"elementor-widget-wrap elementor-element-populated\">\n\t\t\t\t\t\t<div class=\"elementor-element elementor-element-2104eb61 elementor-widget elementor-widget-heading\" data-id=\"2104eb61\" data-element_type=\"widget\" data-e-type=\"widget\" data-widget_type=\"heading.default\">\n\t\t\t\t<div class=\"elementor-widget-container\">\n\t\t\t\t\t<h4 class=\"elementor-heading-title elementor-size-default\">Caracter\u00edsticas principais\n<\/h4>\t\t\t\t<\/div>\n\t\t\t\t<\/div>\n\t\t\t\t<div class=\"elementor-element elementor-element-38879a9e elementor-widget elementor-widget-text-editor\" data-id=\"38879a9e\" data-element_type=\"widget\" data-e-type=\"widget\" data-widget_type=\"text-editor.default\">\n\t\t\t\t<div class=\"elementor-widget-container\">\n\t\t\t\t\t\t\t\t\t<p>A m\u00e1quina raladora M9-ES consiste em:<\/p><ul><li>Base com tampa;<\/li><li>caixa el\u00e9trica;<\/li><li>carregador;<\/li><li>eletromotor;<\/li><li>conjunto de rotor.<\/li><\/ul><p>Dados t\u00e9cnicos<\/p><ul><li>Produtividade, kg \/ hora \u2013 200<\/li><li>Pot\u00eancia instalada, W \u2013 770<\/li><li>Tens\u00e3o de rede, V: 230\/400<\/li><li>Frequ\u00eancia, Hz \u2013 50<\/li><li>Dimens\u00f5es totais, n\u00e3o superior a, mm &#8211; 880x870x935<\/li><li>Massa, n\u00e3o superior a, kg &#8211; 80<\/li><\/ul>\t\t\t\t\t\t\t\t<\/div>\n\t\t\t\t<\/div>\n\t\t\t\t<div class=\"elementor-element elementor-element-26c05874 elementor-widget elementor-widget-text-editor\" data-id=\"26c05874\" data-element_type=\"widget\" data-e-type=\"widget\" data-widget_type=\"text-editor.default\">\n\t\t\t\t<div class=\"elementor-widget-container\">\n\t\t\t\t\t\t\t\t\tContacte-nos e receba a oferta mais adequada para si!\n\t\t\t\t\t\t\t\t<\/div>\n\t\t\t\t<\/div>\n\t\t\t\t<div class=\"elementor-element elementor-element-561ed935 elementor-align-left elementor-mobile-align-center elementor-widget elementor-widget-button\" data-id=\"561ed935\" data-element_type=\"widget\" data-e-type=\"widget\" data-widget_type=\"button.default\">\n\t\t\t\t<div class=\"elementor-widget-container\">\n\t\t\t\t\t\t\t\t\t<div class=\"elementor-button-wrapper\">\n\t\t\t\t\t<a class=\"elementor-button elementor-button-link elementor-size-sm\" href=\"https:\/\/www.fasa.lt\/pt-pt\/receba-uma-oferta\/\">\n\t\t\t\t\t\t<span class=\"elementor-button-content-wrapper\">\n\t\t\t\t\t\t\t\t\t<span class=\"elementor-button-text\">Receba uma oferta<\/span>\n\t\t\t\t\t<\/span>\n\t\t\t\t\t<\/a>\n\t\t\t\t<\/div>\n\t\t\t\t\t\t\t\t<\/div>\n\t\t\t\t<\/div>\n\t\t\t\t\t<\/div>\n\t\t<\/div>\n\t\t\t\t\t<\/div>\n\t\t<\/section>\n\t\t\t\t\t<\/div>\n\t\t<\/div>\n\t\t\t\t\t<\/div>\n\t\t<\/section>\n\t\t\t\t<\/div>\n\t\t","protected":false},"excerpt":{"rendered":"<p>Processamento Tecnologia de processamento Tem alguma pergunta? Contacte-nos! sales@fasa.lt +370 343 70481 M9-ES \u2013 M\u00e1quina Raladora de Batatas A m\u00e1quina raladora M9-ES \u00e9 utilizada para ralar batatas verdes descascadas. Caracter\u00edsticas principais A m\u00e1quina raladora M9-ES consiste em: Base com tampa; caixa el\u00e9trica; carregador; eletromotor; conjunto de rotor. Dados t\u00e9cnicos Produtividade, kg \/ hora \u2013 200 [&hellip;]<\/p>\n","protected":false},"author":1,"featured_media":0,"parent":46322,"menu_order":0,"comment_status":"closed","ping_status":"closed","template":"elementor_header_footer","meta":{"site-sidebar-layout":"no-sidebar","site-content-layout":"page-builder","ast-site-content-layout":"full-width-container","site-content-style":"unboxed","site-sidebar-style":"unboxed","ast-global-header-display":"","ast-banner-title-visibility":"","ast-main-header-display":"","ast-hfb-above-header-display":"","ast-hfb-below-header-display":"","ast-hfb-mobile-header-display":"","site-post-title":"disabled","ast-breadcrumbs-content":"","ast-featured-img":"disabled","footer-sml-layout":"","ast-disable-related-posts":"","theme-transparent-header-meta":"default","adv-header-id-meta":"","stick-header-meta":"default","header-above-stick-meta":"","header-main-stick-meta":"","header-below-stick-meta":"","astra-migrate-meta-layouts":"default","ast-page-background-enabled":"default","ast-page-background-meta":{"desktop":{"background-color":"","background-image":"","background-repeat":"repeat","background-position":"center center","background-size":"auto","background-attachment":"scroll","background-type":"","background-media":"","overlay-type":"","overlay-color":"","overlay-opacity":"","overlay-gradient":""},"tablet":{"background-color":"","background-image":"","background-repeat":"repeat","background-position":"center center","background-size":"auto","background-attachment":"scroll","background-type":"","background-media":"","overlay-type":"","overlay-color":"","overlay-opacity":"","overlay-gradient":""},"mobile":{"background-color":"","background-image":"","background-repeat":"repeat","background-position":"center center","background-size":"auto","background-attachment":"scroll","background-type":"","background-media":"","overlay-type":"","overlay-color":"","overlay-opacity":"","overlay-gradient":""}},"ast-content-background-meta":{"desktop":{"background-color":"var(--ast-global-color-5)","background-image":"","background-repeat":"repeat","background-position":"center center","background-size":"auto","background-attachment":"scroll","background-type":"","background-media":"","overlay-type":"","overlay-color":"","overlay-opacity":"","overlay-gradient":""},"tablet":{"background-color":"var(--ast-global-color-5)","background-image":"","background-repeat":"repeat","background-position":"center center","background-size":"auto","background-attachment":"scroll","background-type":"","background-media":"","overlay-type":"","overlay-color":"","overlay-opacity":"","overlay-gradient":""},"mobile":{"background-color":"var(--ast-global-color-5)","background-image":"","background-repeat":"repeat","background-position":"center center","background-size":"auto","background-attachment":"scroll","background-type":"","background-media":"","overlay-type":"","overlay-color":"","overlay-opacity":"","overlay-gradient":""}},"footnotes":""},"class_list":["post-46447","page","type-page","status-publish","hentry"],"yoast_head":"<!-- This site is optimized with the Yoast SEO plugin v27.2 - https:\/\/yoast.com\/product\/yoast-seo-wordpress\/ -->\n<title>Grating machine- M9-ES - FASA -Packaging solutions<\/title>\n<meta name=\"description\" content=\"Grating machine M9-ES for grating peeled green vegetables. Contact us now to get the best offer from our representatives.\" \/>\n<meta name=\"robots\" content=\"index, follow, max-snippet:-1, max-image-preview:large, max-video-preview:-1\" \/>\n<link rel=\"canonical\" href=\"https:\/\/www.fasa.lt\/pt-pt\/processamento\/m9-es-maquina-raladora-de-batatas\/\" \/>\n<meta property=\"og:locale\" content=\"pt_PT\" \/>\n<meta property=\"og:type\" content=\"article\" \/>\n<meta property=\"og:title\" content=\"Grating machine- M9-ES - FASA -Packaging solutions\" \/>\n<meta property=\"og:description\" content=\"Grating machine M9-ES for grating peeled green vegetables. Contact us now to get the best offer from our representatives.\" \/>\n<meta property=\"og:url\" content=\"https:\/\/www.fasa.lt\/pt-pt\/processamento\/m9-es-maquina-raladora-de-batatas\/\" \/>\n<meta property=\"og:site_name\" content=\"FASA\" \/>\n<meta property=\"article:modified_time\" content=\"2025-08-21T07:18:10+00:00\" \/>\n<meta property=\"og:image\" content=\"https:\/\/www.fasa.lt\/wp-content\/uploads\/2025\/08\/Tarka-.jpg\" \/>\n<meta name=\"twitter:card\" content=\"summary_large_image\" \/>\n<meta name=\"twitter:label1\" content=\"Tempo estimado de leitura\" \/>\n\t<meta name=\"twitter:data1\" content=\"1 minuto\" \/>\n<script type=\"application\/ld+json\" class=\"yoast-schema-graph\">{\"@context\":\"https:\/\/schema.org\",\"@graph\":[{\"@type\":\"WebPage\",\"@id\":\"https:\/\/www.fasa.lt\/pt-pt\/processamento\/m9-es-maquina-raladora-de-batatas\/\",\"url\":\"https:\/\/www.fasa.lt\/pt-pt\/processamento\/m9-es-maquina-raladora-de-batatas\/\",\"name\":\"Grating machine- M9-ES - FASA -Packaging solutions\",\"isPartOf\":{\"@id\":\"https:\/\/www.fasa.lt\/pt-pt\/#website\"},\"primaryImageOfPage\":{\"@id\":\"https:\/\/www.fasa.lt\/pt-pt\/processamento\/m9-es-maquina-raladora-de-batatas\/#primaryimage\"},\"image\":{\"@id\":\"https:\/\/www.fasa.lt\/pt-pt\/processamento\/m9-es-maquina-raladora-de-batatas\/#primaryimage\"},\"thumbnailUrl\":\"https:\/\/www.fasa.lt\/wp-content\/uploads\/2025\/08\/Tarka-.jpg\",\"datePublished\":\"2020-06-04T09:55:43+00:00\",\"dateModified\":\"2025-08-21T07:18:10+00:00\",\"description\":\"Grating machine M9-ES for grating peeled green vegetables. Contact us now to get the best offer from our representatives.\",\"breadcrumb\":{\"@id\":\"https:\/\/www.fasa.lt\/pt-pt\/processamento\/m9-es-maquina-raladora-de-batatas\/#breadcrumb\"},\"inLanguage\":\"pt-PT\",\"potentialAction\":[{\"@type\":\"ReadAction\",\"target\":[\"https:\/\/www.fasa.lt\/pt-pt\/processamento\/m9-es-maquina-raladora-de-batatas\/\"]}]},{\"@type\":\"ImageObject\",\"inLanguage\":\"pt-PT\",\"@id\":\"https:\/\/www.fasa.lt\/pt-pt\/processamento\/m9-es-maquina-raladora-de-batatas\/#primaryimage\",\"url\":\"https:\/\/www.fasa.lt\/wp-content\/uploads\/2025\/08\/Tarka-.jpg\",\"contentUrl\":\"https:\/\/www.fasa.lt\/wp-content\/uploads\/2025\/08\/Tarka-.jpg\"},{\"@type\":\"BreadcrumbList\",\"@id\":\"https:\/\/www.fasa.lt\/pt-pt\/processamento\/m9-es-maquina-raladora-de-batatas\/#breadcrumb\",\"itemListElement\":[{\"@type\":\"ListItem\",\"position\":1,\"name\":\"Home\",\"item\":\"https:\/\/www.fasa.lt\/pt-pt\/\"},{\"@type\":\"ListItem\",\"position\":2,\"name\":\"Processamento\",\"item\":\"https:\/\/www.fasa.lt\/pt-pt\/perdirbimas\/\"},{\"@type\":\"ListItem\",\"position\":3,\"name\":\"M9-ES \u2013 M\u00e1quina Raladora de Batatas\"}]},{\"@type\":\"WebSite\",\"@id\":\"https:\/\/www.fasa.lt\/pt-pt\/#website\",\"url\":\"https:\/\/www.fasa.lt\/pt-pt\/\",\"name\":\"FASA\",\"description\":\"Maisto perdirbimo ma\u0161inos ir \u012frengimai - gamyba\",\"publisher\":{\"@id\":\"https:\/\/www.fasa.lt\/pt-pt\/#organization\"},\"potentialAction\":[{\"@type\":\"SearchAction\",\"target\":{\"@type\":\"EntryPoint\",\"urlTemplate\":\"https:\/\/www.fasa.lt\/pt-pt\/?s={search_term_string}\"},\"query-input\":{\"@type\":\"PropertyValueSpecification\",\"valueRequired\":true,\"valueName\":\"search_term_string\"}}],\"inLanguage\":\"pt-PT\"},{\"@type\":\"Organization\",\"@id\":\"https:\/\/www.fasa.lt\/pt-pt\/#organization\",\"name\":\"FASA- Packaging Technology\",\"url\":\"https:\/\/www.fasa.lt\/pt-pt\/\",\"logo\":{\"@type\":\"ImageObject\",\"inLanguage\":\"pt-PT\",\"@id\":\"https:\/\/www.fasa.lt\/pt-pt\/#\/schema\/logo\/image\/\",\"url\":\"https:\/\/www.fasa.lt\/wp-content\/uploads\/2020\/10\/Untitled-design-1.png\",\"contentUrl\":\"https:\/\/www.fasa.lt\/wp-content\/uploads\/2020\/10\/Untitled-design-1.png\",\"width\":500,\"height\":500,\"caption\":\"FASA- Packaging Technology\"},\"image\":{\"@id\":\"https:\/\/www.fasa.lt\/pt-pt\/#\/schema\/logo\/image\/\"}}]}<\/script>\n<!-- \/ Yoast SEO plugin. -->","yoast_head_json":{"title":"Grating machine- M9-ES - FASA -Packaging solutions","description":"Grating machine M9-ES for grating peeled green vegetables. Contact us now to get the best offer from our representatives.","robots":{"index":"index","follow":"follow","max-snippet":"max-snippet:-1","max-image-preview":"max-image-preview:large","max-video-preview":"max-video-preview:-1"},"canonical":"https:\/\/www.fasa.lt\/pt-pt\/processamento\/m9-es-maquina-raladora-de-batatas\/","og_locale":"pt_PT","og_type":"article","og_title":"Grating machine- M9-ES - FASA -Packaging solutions","og_description":"Grating machine M9-ES for grating peeled green vegetables. Contact us now to get the best offer from our representatives.","og_url":"https:\/\/www.fasa.lt\/pt-pt\/processamento\/m9-es-maquina-raladora-de-batatas\/","og_site_name":"FASA","article_modified_time":"2025-08-21T07:18:10+00:00","og_image":[{"url":"https:\/\/www.fasa.lt\/wp-content\/uploads\/2025\/08\/Tarka-.jpg","type":"","width":"","height":""}],"twitter_card":"summary_large_image","twitter_misc":{"Tempo estimado de leitura":"1 minuto"},"schema":{"@context":"https:\/\/schema.org","@graph":[{"@type":"WebPage","@id":"https:\/\/www.fasa.lt\/pt-pt\/processamento\/m9-es-maquina-raladora-de-batatas\/","url":"https:\/\/www.fasa.lt\/pt-pt\/processamento\/m9-es-maquina-raladora-de-batatas\/","name":"Grating machine- M9-ES - FASA -Packaging solutions","isPartOf":{"@id":"https:\/\/www.fasa.lt\/pt-pt\/#website"},"primaryImageOfPage":{"@id":"https:\/\/www.fasa.lt\/pt-pt\/processamento\/m9-es-maquina-raladora-de-batatas\/#primaryimage"},"image":{"@id":"https:\/\/www.fasa.lt\/pt-pt\/processamento\/m9-es-maquina-raladora-de-batatas\/#primaryimage"},"thumbnailUrl":"https:\/\/www.fasa.lt\/wp-content\/uploads\/2025\/08\/Tarka-.jpg","datePublished":"2020-06-04T09:55:43+00:00","dateModified":"2025-08-21T07:18:10+00:00","description":"Grating machine M9-ES for grating peeled green vegetables. Contact us now to get the best offer from our representatives.","breadcrumb":{"@id":"https:\/\/www.fasa.lt\/pt-pt\/processamento\/m9-es-maquina-raladora-de-batatas\/#breadcrumb"},"inLanguage":"pt-PT","potentialAction":[{"@type":"ReadAction","target":["https:\/\/www.fasa.lt\/pt-pt\/processamento\/m9-es-maquina-raladora-de-batatas\/"]}]},{"@type":"ImageObject","inLanguage":"pt-PT","@id":"https:\/\/www.fasa.lt\/pt-pt\/processamento\/m9-es-maquina-raladora-de-batatas\/#primaryimage","url":"https:\/\/www.fasa.lt\/wp-content\/uploads\/2025\/08\/Tarka-.jpg","contentUrl":"https:\/\/www.fasa.lt\/wp-content\/uploads\/2025\/08\/Tarka-.jpg"},{"@type":"BreadcrumbList","@id":"https:\/\/www.fasa.lt\/pt-pt\/processamento\/m9-es-maquina-raladora-de-batatas\/#breadcrumb","itemListElement":[{"@type":"ListItem","position":1,"name":"Home","item":"https:\/\/www.fasa.lt\/pt-pt\/"},{"@type":"ListItem","position":2,"name":"Processamento","item":"https:\/\/www.fasa.lt\/pt-pt\/perdirbimas\/"},{"@type":"ListItem","position":3,"name":"M9-ES \u2013 M\u00e1quina Raladora de Batatas"}]},{"@type":"WebSite","@id":"https:\/\/www.fasa.lt\/pt-pt\/#website","url":"https:\/\/www.fasa.lt\/pt-pt\/","name":"FASA","description":"Maisto perdirbimo ma\u0161inos ir \u012frengimai - gamyba","publisher":{"@id":"https:\/\/www.fasa.lt\/pt-pt\/#organization"},"potentialAction":[{"@type":"SearchAction","target":{"@type":"EntryPoint","urlTemplate":"https:\/\/www.fasa.lt\/pt-pt\/?s={search_term_string}"},"query-input":{"@type":"PropertyValueSpecification","valueRequired":true,"valueName":"search_term_string"}}],"inLanguage":"pt-PT"},{"@type":"Organization","@id":"https:\/\/www.fasa.lt\/pt-pt\/#organization","name":"FASA- Packaging Technology","url":"https:\/\/www.fasa.lt\/pt-pt\/","logo":{"@type":"ImageObject","inLanguage":"pt-PT","@id":"https:\/\/www.fasa.lt\/pt-pt\/#\/schema\/logo\/image\/","url":"https:\/\/www.fasa.lt\/wp-content\/uploads\/2020\/10\/Untitled-design-1.png","contentUrl":"https:\/\/www.fasa.lt\/wp-content\/uploads\/2020\/10\/Untitled-design-1.png","width":500,"height":500,"caption":"FASA- Packaging Technology"},"image":{"@id":"https:\/\/www.fasa.lt\/pt-pt\/#\/schema\/logo\/image\/"}}]}},"_links":{"self":[{"href":"https:\/\/www.fasa.lt\/pt-pt\/wp-json\/wp\/v2\/pages\/46447","targetHints":{"allow":["GET"]}}],"collection":[{"href":"https:\/\/www.fasa.lt\/pt-pt\/wp-json\/wp\/v2\/pages"}],"about":[{"href":"https:\/\/www.fasa.lt\/pt-pt\/wp-json\/wp\/v2\/types\/page"}],"author":[{"embeddable":true,"href":"https:\/\/www.fasa.lt\/pt-pt\/wp-json\/wp\/v2\/users\/1"}],"replies":[{"embeddable":true,"href":"https:\/\/www.fasa.lt\/pt-pt\/wp-json\/wp\/v2\/comments?post=46447"}],"version-history":[{"count":7,"href":"https:\/\/www.fasa.lt\/pt-pt\/wp-json\/wp\/v2\/pages\/46447\/revisions"}],"predecessor-version":[{"id":54052,"href":"https:\/\/www.fasa.lt\/pt-pt\/wp-json\/wp\/v2\/pages\/46447\/revisions\/54052"}],"up":[{"embeddable":true,"href":"https:\/\/www.fasa.lt\/pt-pt\/wp-json\/wp\/v2\/pages\/46322"}],"wp:attachment":[{"href":"https:\/\/www.fasa.lt\/pt-pt\/wp-json\/wp\/v2\/media?parent=46447"}],"curies":[{"name":"wp","href":"https:\/\/api.w.org\/{rel}","templated":true}]}}